{"id":35,"date":"2024-09-02T11:50:40","date_gmt":"2024-09-02T09:50:40","guid":{"rendered":"https:\/\/3dmoteur.com\/?page_id=35"},"modified":"2025-05-27T08:18:13","modified_gmt":"2025-05-27T06:18:13","slug":"qui-sommes-nous","status":"publish","type":"page","link":"https:\/\/3dmoteur.com\/index.php\/qui-sommes-nous\/","title":{"rendered":"Qui sommes nous ?"},"content":{"rendered":"\t\t<div data-elementor-type=\"wp-page\" data-elementor-id=\"35\" class=\"elementor elementor-35\">\n\t\t\t\t<div class=\"elementor-element elementor-element-39025b7 e-flex e-con-boxed e-con e-parent\" data-id=\"39025b7\" data-element_type=\"container\" data-settings=\"{&quot;background_background&quot;:&quot;classic&quot;}\">\n\t\t\t\t\t<div class=\"e-con-inner\">\n\t\t<div class=\"elementor-element elementor-element-18c2ffc e-con-full e-flex e-con e-child\" data-id=\"18c2ffc\" data-element_type=\"container\" data-settings=\"{&quot;background_background&quot;:&quot;classic&quot;}\">\n\t\t<div class=\"elementor-element elementor-element-36f9d88 e-con-full e-flex e-con e-child\" data-id=\"36f9d88\" data-element_type=\"container\" data-settings=\"{&quot;background_background&quot;:&quot;classic&quot;}\">\n\t\t<div class=\"elementor-element elementor-element-dc48526 e-con-full e-flex e-con e-child\" data-id=\"dc48526\" data-element_type=\"container\" data-settings=\"{&quot;background_background&quot;:&quot;classic&quot;}\">\n\t\t\t\t<div class=\"elementor-element elementor-element-ee78a05 elementor-widget elementor-widget-heading\" data-id=\"ee78a05\" data-element_type=\"widget\" data-widget_type=\"heading.default\">\n\t\t\t\t<div class=\"elementor-widget-container\">\n\t\t\t<h2 class=\"elementor-heading-title elementor-size-default\">PR\u00c9SENTATION DE L'ENTREPRISE<\/h2>\t\t<\/div>\n\t\t\t\t<\/div>\n\t\t\t\t<\/div>\n\t\t\t\t<\/div>\n\t\t\t\t<\/div>\n\t\t\t\t\t<\/div>\n\t\t\t\t<\/div>\n\t\t<div class=\"elementor-element elementor-element-6530308 e-con-full e-flex e-con e-parent\" data-id=\"6530308\" data-element_type=\"container\" data-settings=\"{&quot;background_background&quot;:&quot;classic&quot;}\">\n\t\t<div class=\"elementor-element elementor-element-250d00c e-grid e-con-boxed e-con e-child\" data-id=\"250d00c\" data-element_type=\"container\" data-settings=\"{&quot;background_background&quot;:&quot;classic&quot;}\">\n\t\t\t\t\t<div class=\"e-con-inner\">\n\t\t\t\t<div class=\"elementor-element elementor-element-c7f17f6 elementor-widget elementor-widget-text-editor\" data-id=\"c7f17f6\" data-element_type=\"widget\" data-widget_type=\"text-editor.default\">\n\t\t\t\t<div class=\"elementor-widget-container\">\n\t\t\t\t\t\t\t<p>La soci\u00e9t\u00e9 3D Moteur \u00e0 \u00e9t\u00e9 cr\u00e9\u00e9e en 2012 par Mr Serrano et compte aujourd\u2019hui 3 personnes \u00e0 plein temps&nbsp;: un associ\u00e9, Mr Brest, arriv\u00e9 en 2014 et une secr\u00e9taire.<\/p>\n<p>Elle se situe \u00e0 Lieudieu dans l\u2019Is\u00e8re \u00e0 mi-distance entre Grenoble et Lyon, proche de Saint Jean de Bournay et La C\u00f4te Saint Andr\u00e9.&nbsp;<\/p>\n<p>&nbsp;&nbsp; &nbsp; &nbsp; &nbsp; &nbsp; &nbsp; &nbsp; &nbsp; &nbsp; &nbsp; &nbsp; &nbsp; &nbsp; &nbsp; &nbsp; &nbsp; &nbsp; &nbsp; &nbsp; &nbsp; &nbsp; &nbsp; &nbsp; &nbsp; &nbsp; &nbsp; &nbsp; &nbsp; &nbsp;&nbsp;<span style=\"font-style: inherit; font-weight: inherit;\">3D moteur a \u00e9t\u00e9 cr\u00e9\u00e9e pour faire de la r\u00e9paration et du diagnostic sur les moteurs diesel industriels<\/span><\/p>\n<p>(groupes \u00e9lectrog\u00e8nes, engins de TP, v\u00e9hicules terrestre industriels \u2026)<\/p>\t\t\t\t\t\t<\/div>\n\t\t\t\t<\/div>\n\t\t\t\t<div class=\"elementor-element elementor-element-276ac39 elementor-widget elementor-widget-image\" data-id=\"276ac39\" data-element_type=\"widget\" data-widget_type=\"image.default\">\n\t\t\t\t<div class=\"elementor-widget-container\">\n\t\t\t\t\t\t\t\t\t\t\t\t\t<img fetchpriority=\"high\" decoding=\"async\" width=\"2560\" height=\"1920\" src=\"https:\/\/3dmoteur.com\/wp-content\/uploads\/2024\/09\/image_50460417-scaled.jpg\" class=\"attachment-full size-full wp-image-67\" alt=\"\" srcset=\"https:\/\/3dmoteur.com\/wp-content\/uploads\/2024\/09\/image_50460417-scaled.jpg 2560w, https:\/\/3dmoteur.com\/wp-content\/uploads\/2024\/09\/image_50460417-300x225.jpg 300w, https:\/\/3dmoteur.com\/wp-content\/uploads\/2024\/09\/image_50460417-1024x768.jpg 1024w, https:\/\/3dmoteur.com\/wp-content\/uploads\/2024\/09\/image_50460417-768x576.jpg 768w, https:\/\/3dmoteur.com\/wp-content\/uploads\/2024\/09\/image_50460417-1536x1152.jpg 1536w, https:\/\/3dmoteur.com\/wp-content\/uploads\/2024\/09\/image_50460417-2048x1536.jpg 2048w\" sizes=\"(max-width: 2560px) 100vw, 2560px\" \/>\t\t\t\t\t\t\t\t\t\t\t\t\t<\/div>\n\t\t\t\t<\/div>\n\t\t\t\t\t<\/div>\n\t\t\t\t<\/div>\n\t\t<div class=\"elementor-element elementor-element-15dafc2 e-grid e-con-boxed e-con e-child\" data-id=\"15dafc2\" data-element_type=\"container\">\n\t\t\t\t\t<div class=\"e-con-inner\">\n\t\t\t\t<div class=\"elementor-element elementor-element-3f347d8 elementor-widget elementor-widget-image\" data-id=\"3f347d8\" data-element_type=\"widget\" data-widget_type=\"image.default\">\n\t\t\t\t<div class=\"elementor-widget-container\">\n\t\t\t\t\t\t\t\t\t\t\t\t\t<img decoding=\"async\" width=\"960\" height=\"640\" src=\"https:\/\/3dmoteur.com\/wp-content\/uploads\/2024\/09\/DJI_0023.DNG_.jpg\" class=\"attachment-full size-full wp-image-61\" alt=\"\" srcset=\"https:\/\/3dmoteur.com\/wp-content\/uploads\/2024\/09\/DJI_0023.DNG_.jpg 960w, https:\/\/3dmoteur.com\/wp-content\/uploads\/2024\/09\/DJI_0023.DNG_-300x200.jpg 300w, https:\/\/3dmoteur.com\/wp-content\/uploads\/2024\/09\/DJI_0023.DNG_-768x512.jpg 768w\" sizes=\"(max-width: 960px) 100vw, 960px\" \/>\t\t\t\t\t\t\t\t\t\t\t\t\t<\/div>\n\t\t\t\t<\/div>\n\t\t\t\t<div class=\"elementor-element elementor-element-3aac633 elementor-widget elementor-widget-text-editor\" data-id=\"3aac633\" data-element_type=\"widget\" data-widget_type=\"text-editor.default\">\n\t\t\t\t<div class=\"elementor-widget-container\">\n\t\t\t\t\t\t\t<p>Gr\u00e2ce \u00e0 leurs exp\u00e9riences et leurs qualit\u00e9s de diagnostiqueur, les associ\u00e9s ont vite \u00e9t\u00e9 sollicit\u00e9s dans d\u2019autres secteurs d\u2019activit\u00e9s tels que la r\u00e9paration de v\u00e9hicules l\u00e9gers, la maintenance de v\u00e9hicules \u00e9lectriques industriels et aujourd\u2019hui la r\u00e9paration de moteur de bateaux et p\u00e9niches fluvial.&nbsp;<\/p>\n<p><b>3D moteur<\/b> r\u00e9alise aujourd\u2019hui la majorit\u00e9 de ses interventions sur site client en ce qui concerne l\u2019activit\u00e9<br>industrielle et dans ses locaux pour l\u2019activit\u00e9 automobile.<\/p>\t\t\t\t\t\t<\/div>\n\t\t\t\t<\/div>\n\t\t\t\t\t<\/div>\n\t\t\t\t<\/div>\n\t\t\t\t<\/div>\n\t\t<div class=\"elementor-element elementor-element-f072433 e-flex e-con-boxed e-con e-parent\" data-id=\"f072433\" data-element_type=\"container\">\n\t\t\t\t\t<div class=\"e-con-inner\">\n\t\t\t\t<div class=\"elementor-element elementor-element-4bf3dfc elementor-widget elementor-widget-spacer\" data-id=\"4bf3dfc\" data-element_type=\"widget\" data-widget_type=\"spacer.default\">\n\t\t\t\t<div class=\"elementor-widget-container\">\n\t\t\t\t\t<div class=\"elementor-spacer\">\n\t\t\t<div class=\"elementor-spacer-inner\"><\/div>\n\t\t<\/div>\n\t\t\t\t<\/div>\n\t\t\t\t<\/div>\n\t\t\t\t<div class=\"elementor-element elementor-element-f6c5c0e elementor-widget elementor-widget-image\" data-id=\"f6c5c0e\" data-element_type=\"widget\" data-widget_type=\"image.default\">\n\t\t\t\t<div class=\"elementor-widget-container\">\n\t\t\t\t\t\t\t\t\t\t\t\t\t<img decoding=\"async\" width=\"607\" height=\"572\" src=\"https:\/\/3dmoteur.com\/wp-content\/uploads\/2024\/08\/cropped-unnamed-1-140x132.jpg\" class=\"attachment-full size-full wp-image-29\" alt=\"\" srcset=\"https:\/\/3dmoteur.com\/wp-content\/uploads\/2024\/08\/cropped-unnamed-1.jpg 607w, https:\/\/3dmoteur.com\/wp-content\/uploads\/2024\/08\/cropped-unnamed-1-300x283.jpg 300w, https:\/\/3dmoteur.com\/wp-content\/uploads\/2024\/08\/cropped-unnamed-1-140x132.jpg 140w\" sizes=\"(max-width: 607px) 100vw, 607px\" \/>\t\t\t\t\t\t\t\t\t\t\t\t\t<\/div>\n\t\t\t\t<\/div>\n\t\t\t\t<div class=\"elementor-element elementor-element-1f21e78 elementor-widget elementor-widget-spacer\" data-id=\"1f21e78\" data-element_type=\"widget\" data-widget_type=\"spacer.default\">\n\t\t\t\t<div class=\"elementor-widget-container\">\n\t\t\t\t\t<div class=\"elementor-spacer\">\n\t\t\t<div class=\"elementor-spacer-inner\"><\/div>\n\t\t<\/div>\n\t\t\t\t<\/div>\n\t\t\t\t<\/div>\n\t\t\t\t\t<\/div>\n\t\t\t\t<\/div>\n\t\t\t\t<\/div>\n\t\t","protected":false},"excerpt":{"rendered":"<p>PR\u00c9SENTATION DE L&#8217;ENTREPRISE La soci\u00e9t\u00e9 3D Moteur \u00e0 \u00e9t\u00e9 cr\u00e9\u00e9e en 2012 par Mr Serrano et compte aujourd\u2019hui 3 personnes [&hellip;]<\/p>\n","protected":false},"author":1,"featured_media":0,"parent":0,"menu_order":0,"comment_status":"closed","ping_status":"closed","template":"","meta":{"site-sidebar-layout":"no-sidebar","site-content-layout":"","ast-site-content-layout":"full-width-container","site-content-style":"default","site-sidebar-style":"default","ast-global-header-display":"","ast-banner-title-visibility":"","ast-main-header-display":"","ast-hfb-above-header-display":"","ast-hfb-below-header-display":"","ast-hfb-mobile-header-display":"","site-post-title":"disabled","ast-breadcrumbs-content":"","ast-featured-img":"disabled","footer-sml-layout":"","theme-transparent-header-meta":"","adv-header-id-meta":"","stick-header-meta":"","header-above-stick-meta":"","header-main-stick-meta":"","header-below-stick-meta":"","astra-migrate-meta-layouts":"default","ast-page-background-enabled":"default","ast-page-background-meta":{"desktop":{"background-color":"var(--ast-global-color-4)","background-image":"","background-repeat":"repeat","background-position":"center center","background-size":"auto","background-attachment":"scroll","background-type":"","background-media":"","overlay-type":"","overlay-color":"","overlay-opacity":"","overlay-gradient":""},"tablet":{"background-color":"","background-image":"","background-repeat":"repeat","background-position":"center center","background-size":"auto","background-attachment":"scroll","background-type":"","background-media":"","overlay-type":"","overlay-color":"","overlay-opacity":"","overlay-gradient":""},"mobile":{"background-color":"","background-image":"","background-repeat":"repeat","background-position":"center center","background-size":"auto","background-attachment":"scroll","background-type":"","background-media":"","overlay-type":"","overlay-color":"","overlay-opacity":"","overlay-gradient":""}},"ast-content-background-meta":{"desktop":{"background-color":"var(--ast-global-color-5)","background-image":"","background-repeat":"repeat","background-position":"center center","background-size":"auto","background-attachment":"scroll","background-type":"","background-media":"","overlay-type":"","overlay-color":"","overlay-opacity":"","overlay-gradient":""},"tablet":{"background-color":"var(--ast-global-color-5)","background-image":"","background-repeat":"repeat","background-position":"center center","background-size":"auto","background-attachment":"scroll","background-type":"","background-media":"","overlay-type":"","overlay-color":"","overlay-opacity":"","overlay-gradient":""},"mobile":{"background-color":"var(--ast-global-color-5)","background-image":"","background-repeat":"repeat","background-position":"center center","background-size":"auto","background-attachment":"scroll","background-type":"","background-media":"","overlay-type":"","overlay-color":"","overlay-opacity":"","overlay-gradient":""}},"footnotes":""},"class_list":["post-35","page","type-page","status-publish","hentry"],"yoast_head":"<!-- This site is optimized with the Yoast SEO plugin v23.4 - https:\/\/yoast.com\/wordpress\/plugins\/seo\/ -->\n<title>Qui sommes nous ? - WordPress<\/title>\n<meta name=\"robots\" content=\"index, follow, max-snippet:-1, max-image-preview:large, max-video-preview:-1\" \/>\n<link rel=\"canonical\" href=\"https:\/\/3dmoteur.com\/index.php\/qui-sommes-nous\/\" \/>\n<meta property=\"og:locale\" content=\"en_US\" \/>\n<meta property=\"og:type\" content=\"article\" \/>\n<meta property=\"og:title\" content=\"Qui sommes nous ? - WordPress\" \/>\n<meta property=\"og:description\" content=\"PR\u00c9SENTATION DE L&#8217;ENTREPRISE La soci\u00e9t\u00e9 3D Moteur \u00e0 \u00e9t\u00e9 cr\u00e9\u00e9e en 2012 par Mr Serrano et compte aujourd\u2019hui 3 personnes [&hellip;]\" \/>\n<meta property=\"og:url\" content=\"https:\/\/3dmoteur.com\/index.php\/qui-sommes-nous\/\" \/>\n<meta property=\"og:site_name\" content=\"WordPress\" \/>\n<meta property=\"article:modified_time\" content=\"2025-05-27T06:18:13+00:00\" \/>\n<meta property=\"og:image\" content=\"http:\/\/3dmoteur.com\/wp-content\/uploads\/2024\/09\/image_50460417-scaled.jpg\" \/>\n<meta name=\"twitter:card\" content=\"summary_large_image\" \/>\n<meta name=\"twitter:label1\" content=\"Est. reading time\" \/>\n\t<meta name=\"twitter:data1\" content=\"2 minutes\" \/>\n<script type=\"application\/ld+json\" class=\"yoast-schema-graph\">{\"@context\":\"https:\/\/schema.org\",\"@graph\":[{\"@type\":\"WebPage\",\"@id\":\"https:\/\/3dmoteur.com\/index.php\/qui-sommes-nous\/\",\"url\":\"https:\/\/3dmoteur.com\/index.php\/qui-sommes-nous\/\",\"name\":\"Qui sommes nous ? - WordPress\",\"isPartOf\":{\"@id\":\"https:\/\/3dmoteur.com\/#website\"},\"primaryImageOfPage\":{\"@id\":\"https:\/\/3dmoteur.com\/index.php\/qui-sommes-nous\/#primaryimage\"},\"image\":{\"@id\":\"https:\/\/3dmoteur.com\/index.php\/qui-sommes-nous\/#primaryimage\"},\"thumbnailUrl\":\"http:\/\/3dmoteur.com\/wp-content\/uploads\/2024\/09\/image_50460417-scaled.jpg\",\"datePublished\":\"2024-09-02T09:50:40+00:00\",\"dateModified\":\"2025-05-27T06:18:13+00:00\",\"breadcrumb\":{\"@id\":\"https:\/\/3dmoteur.com\/index.php\/qui-sommes-nous\/#breadcrumb\"},\"inLanguage\":\"en-US\",\"potentialAction\":[{\"@type\":\"ReadAction\",\"target\":[\"https:\/\/3dmoteur.com\/index.php\/qui-sommes-nous\/\"]}]},{\"@type\":\"ImageObject\",\"inLanguage\":\"en-US\",\"@id\":\"https:\/\/3dmoteur.com\/index.php\/qui-sommes-nous\/#primaryimage\",\"url\":\"https:\/\/3dmoteur.com\/wp-content\/uploads\/2024\/09\/image_50460417-scaled.jpg\",\"contentUrl\":\"https:\/\/3dmoteur.com\/wp-content\/uploads\/2024\/09\/image_50460417-scaled.jpg\",\"width\":2560,\"height\":1920},{\"@type\":\"BreadcrumbList\",\"@id\":\"https:\/\/3dmoteur.com\/index.php\/qui-sommes-nous\/#breadcrumb\",\"itemListElement\":[{\"@type\":\"ListItem\",\"position\":1,\"name\":\"Accueil\",\"item\":\"https:\/\/3dmoteur.com\/\"},{\"@type\":\"ListItem\",\"position\":2,\"name\":\"Qui sommes nous ?\"}]},{\"@type\":\"WebSite\",\"@id\":\"https:\/\/3dmoteur.com\/#website\",\"url\":\"https:\/\/3dmoteur.com\/\",\"name\":\"WordPress\",\"description\":\"Un site utilisant WordPress\",\"publisher\":{\"@id\":\"https:\/\/3dmoteur.com\/#organization\"},\"potentialAction\":[{\"@type\":\"SearchAction\",\"target\":{\"@type\":\"EntryPoint\",\"urlTemplate\":\"https:\/\/3dmoteur.com\/?s={search_term_string}\"},\"query-input\":{\"@type\":\"PropertyValueSpecification\",\"valueRequired\":true,\"valueName\":\"search_term_string\"}}],\"inLanguage\":\"en-US\"},{\"@type\":\"Organization\",\"@id\":\"https:\/\/3dmoteur.com\/#organization\",\"name\":\"WordPress\",\"url\":\"https:\/\/3dmoteur.com\/\",\"logo\":{\"@type\":\"ImageObject\",\"inLanguage\":\"en-US\",\"@id\":\"https:\/\/3dmoteur.com\/#\/schema\/logo\/image\/\",\"url\":\"https:\/\/3dmoteur.com\/wp-content\/uploads\/2024\/08\/cropped-unnamed-1.jpg\",\"contentUrl\":\"https:\/\/3dmoteur.com\/wp-content\/uploads\/2024\/08\/cropped-unnamed-1.jpg\",\"width\":607,\"height\":572,\"caption\":\"WordPress\"},\"image\":{\"@id\":\"https:\/\/3dmoteur.com\/#\/schema\/logo\/image\/\"}}]}<\/script>\n<!-- \/ Yoast SEO plugin. -->","yoast_head_json":{"title":"Qui sommes nous ? - WordPress","robots":{"index":"index","follow":"follow","max-snippet":"max-snippet:-1","max-image-preview":"max-image-preview:large","max-video-preview":"max-video-preview:-1"},"canonical":"https:\/\/3dmoteur.com\/index.php\/qui-sommes-nous\/","og_locale":"en_US","og_type":"article","og_title":"Qui sommes nous ? - WordPress","og_description":"PR\u00c9SENTATION DE L&#8217;ENTREPRISE La soci\u00e9t\u00e9 3D Moteur \u00e0 \u00e9t\u00e9 cr\u00e9\u00e9e en 2012 par Mr Serrano et compte aujourd\u2019hui 3 personnes [&hellip;]","og_url":"https:\/\/3dmoteur.com\/index.php\/qui-sommes-nous\/","og_site_name":"WordPress","article_modified_time":"2025-05-27T06:18:13+00:00","og_image":[{"url":"http:\/\/3dmoteur.com\/wp-content\/uploads\/2024\/09\/image_50460417-scaled.jpg"}],"twitter_card":"summary_large_image","twitter_misc":{"Est. reading time":"2 minutes"},"schema":{"@context":"https:\/\/schema.org","@graph":[{"@type":"WebPage","@id":"https:\/\/3dmoteur.com\/index.php\/qui-sommes-nous\/","url":"https:\/\/3dmoteur.com\/index.php\/qui-sommes-nous\/","name":"Qui sommes nous ? - WordPress","isPartOf":{"@id":"https:\/\/3dmoteur.com\/#website"},"primaryImageOfPage":{"@id":"https:\/\/3dmoteur.com\/index.php\/qui-sommes-nous\/#primaryimage"},"image":{"@id":"https:\/\/3dmoteur.com\/index.php\/qui-sommes-nous\/#primaryimage"},"thumbnailUrl":"http:\/\/3dmoteur.com\/wp-content\/uploads\/2024\/09\/image_50460417-scaled.jpg","datePublished":"2024-09-02T09:50:40+00:00","dateModified":"2025-05-27T06:18:13+00:00","breadcrumb":{"@id":"https:\/\/3dmoteur.com\/index.php\/qui-sommes-nous\/#breadcrumb"},"inLanguage":"en-US","potentialAction":[{"@type":"ReadAction","target":["https:\/\/3dmoteur.com\/index.php\/qui-sommes-nous\/"]}]},{"@type":"ImageObject","inLanguage":"en-US","@id":"https:\/\/3dmoteur.com\/index.php\/qui-sommes-nous\/#primaryimage","url":"https:\/\/3dmoteur.com\/wp-content\/uploads\/2024\/09\/image_50460417-scaled.jpg","contentUrl":"https:\/\/3dmoteur.com\/wp-content\/uploads\/2024\/09\/image_50460417-scaled.jpg","width":2560,"height":1920},{"@type":"BreadcrumbList","@id":"https:\/\/3dmoteur.com\/index.php\/qui-sommes-nous\/#breadcrumb","itemListElement":[{"@type":"ListItem","position":1,"name":"Accueil","item":"https:\/\/3dmoteur.com\/"},{"@type":"ListItem","position":2,"name":"Qui sommes nous ?"}]},{"@type":"WebSite","@id":"https:\/\/3dmoteur.com\/#website","url":"https:\/\/3dmoteur.com\/","name":"WordPress","description":"Un site utilisant WordPress","publisher":{"@id":"https:\/\/3dmoteur.com\/#organization"},"potentialAction":[{"@type":"SearchAction","target":{"@type":"EntryPoint","urlTemplate":"https:\/\/3dmoteur.com\/?s={search_term_string}"},"query-input":{"@type":"PropertyValueSpecification","valueRequired":true,"valueName":"search_term_string"}}],"inLanguage":"en-US"},{"@type":"Organization","@id":"https:\/\/3dmoteur.com\/#organization","name":"WordPress","url":"https:\/\/3dmoteur.com\/","logo":{"@type":"ImageObject","inLanguage":"en-US","@id":"https:\/\/3dmoteur.com\/#\/schema\/logo\/image\/","url":"https:\/\/3dmoteur.com\/wp-content\/uploads\/2024\/08\/cropped-unnamed-1.jpg","contentUrl":"https:\/\/3dmoteur.com\/wp-content\/uploads\/2024\/08\/cropped-unnamed-1.jpg","width":607,"height":572,"caption":"WordPress"},"image":{"@id":"https:\/\/3dmoteur.com\/#\/schema\/logo\/image\/"}}]}},"_links":{"self":[{"href":"https:\/\/3dmoteur.com\/index.php\/wp-json\/wp\/v2\/pages\/35","targetHints":{"allow":["GET"]}}],"collection":[{"href":"https:\/\/3dmoteur.com\/index.php\/wp-json\/wp\/v2\/pages"}],"about":[{"href":"https:\/\/3dmoteur.com\/index.php\/wp-json\/wp\/v2\/types\/page"}],"author":[{"embeddable":true,"href":"https:\/\/3dmoteur.com\/index.php\/wp-json\/wp\/v2\/users\/1"}],"replies":[{"embeddable":true,"href":"https:\/\/3dmoteur.com\/index.php\/wp-json\/wp\/v2\/comments?post=35"}],"version-history":[{"count":25,"href":"https:\/\/3dmoteur.com\/index.php\/wp-json\/wp\/v2\/pages\/35\/revisions"}],"predecessor-version":[{"id":615,"href":"https:\/\/3dmoteur.com\/index.php\/wp-json\/wp\/v2\/pages\/35\/revisions\/615"}],"wp:attachment":[{"href":"https:\/\/3dmoteur.com\/index.php\/wp-json\/wp\/v2\/media?parent=35"}],"curies":[{"name":"wp","href":"https:\/\/api.w.org\/{rel}","templated":true}]}}