{"id":36,"date":"2024-09-02T11:50:40","date_gmt":"2024-09-02T09:50:40","guid":{"rendered":"https:\/\/3dmoteur.com\/?page_id=36"},"modified":"2024-11-04T13:09:32","modified_gmt":"2024-11-04T12:09:32","slug":"contact","status":"publish","type":"page","link":"https:\/\/3dmoteur.com\/index.php\/contact\/","title":{"rendered":"Contact"},"content":{"rendered":"\t\t<div data-elementor-type=\"wp-page\" data-elementor-id=\"36\" class=\"elementor elementor-36\">\n\t\t\t\t<div class=\"elementor-element elementor-element-70a2180 e-flex e-con-boxed e-con e-parent\" data-id=\"70a2180\" data-element_type=\"container\">\n\t\t\t\t\t<div class=\"e-con-inner\">\n\t\t\t\t<div class=\"elementor-element elementor-element-76b172e elementor-widget elementor-widget-spacer\" data-id=\"76b172e\" data-element_type=\"widget\" data-widget_type=\"spacer.default\">\n\t\t\t\t<div class=\"elementor-widget-container\">\n\t\t\t\t\t<div class=\"elementor-spacer\">\n\t\t\t<div class=\"elementor-spacer-inner\"><\/div>\n\t\t<\/div>\n\t\t\t\t<\/div>\n\t\t\t\t<\/div>\n\t\t\t\t\t<\/div>\n\t\t\t\t<\/div>\n\t\t<div class=\"elementor-element elementor-element-d8b5971 e-con-full e-flex e-con e-parent\" data-id=\"d8b5971\" data-element_type=\"container\" data-settings=\"{&quot;background_background&quot;:&quot;classic&quot;}\">\n\t\t<div class=\"elementor-element elementor-element-a03bc50 e-con-full e-flex e-con e-child\" data-id=\"a03bc50\" data-element_type=\"container\">\n\t\t\t\t<div class=\"elementor-element elementor-element-f0ece13 elementor-widget elementor-widget-spacer\" data-id=\"f0ece13\" data-element_type=\"widget\" data-widget_type=\"spacer.default\">\n\t\t\t\t<div class=\"elementor-widget-container\">\n\t\t\t\t\t<div class=\"elementor-spacer\">\n\t\t\t<div class=\"elementor-spacer-inner\"><\/div>\n\t\t<\/div>\n\t\t\t\t<\/div>\n\t\t\t\t<\/div>\n\t\t\t\t<div class=\"elementor-element elementor-element-a50af1c elementor-widget elementor-widget-heading\" data-id=\"a50af1c\" data-element_type=\"widget\" data-widget_type=\"heading.default\">\n\t\t\t\t<div class=\"elementor-widget-container\">\n\t\t\t<h2 class=\"elementor-heading-title elementor-size-default\">Nous contacter :<\/h2>\t\t<\/div>\n\t\t\t\t<\/div>\n\t\t\t\t<div class=\"elementor-element elementor-element-9bf2114 elementor-widget elementor-widget-shortcode\" data-id=\"9bf2114\" data-element_type=\"widget\" data-widget_type=\"shortcode.default\">\n\t\t\t\t<div class=\"elementor-widget-container\">\n\t\t\t\t\t<div class=\"elementor-shortcode\"><div class=\"wpforms-container wpforms-container-full wpforms-render-modern\" id=\"wpforms-129\"><form id=\"wpforms-form-129\" class=\"wpforms-validate wpforms-form wpforms-ajax-form\" data-formid=\"129\" method=\"post\" enctype=\"multipart\/form-data\" action=\"\/index.php\/wp-json\/wp\/v2\/pages\/36\" data-token=\"86bf046a0e401c1681c2ec6ef6b903b0\" data-token-time=\"1776351292\"><noscript class=\"wpforms-error-noscript\">Please enable JavaScript in your browser to complete this form.<\/noscript><div class=\"wpforms-hidden\" id=\"wpforms-error-noscript\">Please enable JavaScript in your browser to complete this form.<\/div><div class=\"wpforms-field-container\"><div id=\"wpforms-129-field_1-container\" class=\"wpforms-field wpforms-field-name\" data-field-id=\"1\"><fieldset><legend class=\"wpforms-field-label\">Nom <span class=\"wpforms-required-label\" aria-hidden=\"true\">*<\/span><\/legend><div class=\"wpforms-field-row wpforms-field-medium\"><div class=\"wpforms-field-row-block wpforms-first wpforms-one-half\"><input type=\"text\" id=\"wpforms-129-field_1\" class=\"wpforms-field-name-first wpforms-field-required\" name=\"wpforms[fields][1][first]\" aria-errormessage=\"wpforms-129-field_1-error\" required><label for=\"wpforms-129-field_1\" class=\"wpforms-field-sublabel after\">First<\/label><\/div><div class=\"wpforms-field-row-block wpforms-one-half\"><input type=\"text\" id=\"wpforms-129-field_1-last\" class=\"wpforms-field-name-last wpforms-field-required\" name=\"wpforms[fields][1][last]\" aria-errormessage=\"wpforms-129-field_1-last-error\" required><label for=\"wpforms-129-field_1-last\" class=\"wpforms-field-sublabel after\">Last<\/label><\/div><\/div><\/fieldset><\/div><div id=\"wpforms-129-field_2-container\" class=\"wpforms-field wpforms-field-email\" data-field-id=\"2\"><label class=\"wpforms-field-label\" for=\"wpforms-129-field_2\">E-mail <span class=\"wpforms-required-label\" aria-hidden=\"true\">*<\/span><\/label><input type=\"email\" id=\"wpforms-129-field_2\" class=\"wpforms-field-medium wpforms-field-required\" name=\"wpforms[fields][2]\" spellcheck=\"false\" aria-errormessage=\"wpforms-129-field_2-error\" required><\/div><div id=\"wpforms-129-field_3-container\" class=\"wpforms-field wpforms-field-text\" data-field-id=\"3\"><label class=\"wpforms-field-label\" for=\"wpforms-129-field_3\">Num\u00e9ro de t\u00e9l\u00e9phone : <span class=\"wpforms-required-label\" aria-hidden=\"true\">*<\/span><\/label><input type=\"text\" id=\"wpforms-129-field_3\" class=\"wpforms-field-medium wpforms-field-required\" name=\"wpforms[fields][3]\" aria-errormessage=\"wpforms-129-field_3-error\" required><\/div><div id=\"wpforms-129-field_7-container\" class=\"wpforms-field wpforms-field-textarea\" data-field-id=\"7\"><label class=\"wpforms-field-label\" for=\"wpforms-129-field_7\">Expliquez la raison de votre demande : <span class=\"wpforms-required-label\" aria-hidden=\"true\">*<\/span><\/label><textarea id=\"wpforms-129-field_7\" class=\"wpforms-field-medium wpforms-field-required\" name=\"wpforms[fields][7]\" aria-errormessage=\"wpforms-129-field_7-error\" required><\/textarea><\/div><\/div><!-- .wpforms-field-container --><div class=\"wpforms-submit-container\" ><input type=\"hidden\" name=\"wpforms[id]\" value=\"129\"><input type=\"hidden\" name=\"page_title\" value=\"\"><input type=\"hidden\" name=\"page_url\" value=\"https:\/\/3dmoteur.com\/index.php\/wp-json\/wp\/v2\/pages\/36\"><button type=\"submit\" name=\"wpforms[submit]\" id=\"wpforms-submit-129\" class=\"wpforms-submit\" data-alt-text=\"Envoi...\" data-submit-text=\"Envoyer\" aria-live=\"assertive\" value=\"wpforms-submit\">Envoyer<\/button><img decoding=\"async\" src=\"https:\/\/3dmoteur.com\/wp-content\/plugins\/wpforms-lite\/assets\/images\/submit-spin.svg\" class=\"wpforms-submit-spinner\" style=\"display: none;\" width=\"26\" height=\"26\" alt=\"Loading\"><\/div><\/form><\/div>  <!-- .wpforms-container --><\/div>\n\t\t\t\t<\/div>\n\t\t\t\t<\/div>\n\t\t\t\t<\/div>\n\t\t<div class=\"elementor-element elementor-element-004b18f e-con-full e-flex e-con e-child\" data-id=\"004b18f\" data-element_type=\"container\">\n\t\t\t\t<div class=\"elementor-element elementor-element-ba59240 elementor-widget elementor-widget-image\" data-id=\"ba59240\" data-element_type=\"widget\" data-widget_type=\"image.default\">\n\t\t\t\t<div class=\"elementor-widget-container\">\n\t\t\t\t\t\t\t\t\t\t\t\t\t<img fetchpriority=\"high\" decoding=\"async\" width=\"1024\" height=\"768\" src=\"https:\/\/3dmoteur.com\/wp-content\/uploads\/2024\/11\/IMG_3275-1024x768.jpg\" class=\"attachment-large size-large wp-image-369\" alt=\"\" srcset=\"https:\/\/3dmoteur.com\/wp-content\/uploads\/2024\/11\/IMG_3275-1024x768.jpg 1024w, https:\/\/3dmoteur.com\/wp-content\/uploads\/2024\/11\/IMG_3275-300x225.jpg 300w, https:\/\/3dmoteur.com\/wp-content\/uploads\/2024\/11\/IMG_3275-768x576.jpg 768w, https:\/\/3dmoteur.com\/wp-content\/uploads\/2024\/11\/IMG_3275-1536x1152.jpg 1536w, https:\/\/3dmoteur.com\/wp-content\/uploads\/2024\/11\/IMG_3275-2048x1536.jpg 2048w\" sizes=\"(max-width: 1024px) 100vw, 1024px\" \/>\t\t\t\t\t\t\t\t\t\t\t\t\t<\/div>\n\t\t\t\t<\/div>\n\t\t\t\t<\/div>\n\t\t\t\t<\/div>\n\t\t<div class=\"elementor-element elementor-element-c1d3343 e-flex e-con-boxed e-con e-parent\" data-id=\"c1d3343\" data-element_type=\"container\" data-settings=\"{&quot;background_background&quot;:&quot;classic&quot;}\">\n\t\t\t\t\t<div class=\"e-con-inner\">\n\t\t\t\t\t<\/div>\n\t\t\t\t<\/div>\n\t\t<div class=\"elementor-element elementor-element-0a4d651 e-flex e-con-boxed e-con e-parent\" data-id=\"0a4d651\" data-element_type=\"container\" data-settings=\"{&quot;background_background&quot;:&quot;classic&quot;}\">\n\t\t\t\t\t<div class=\"e-con-inner\">\n\t\t\t\t<div class=\"elementor-element elementor-element-ca0cc02 elementor-widget elementor-widget-spacer\" data-id=\"ca0cc02\" data-element_type=\"widget\" data-widget_type=\"spacer.default\">\n\t\t\t\t<div class=\"elementor-widget-container\">\n\t\t\t\t\t<div class=\"elementor-spacer\">\n\t\t\t<div class=\"elementor-spacer-inner\"><\/div>\n\t\t<\/div>\n\t\t\t\t<\/div>\n\t\t\t\t<\/div>\n\t\t\t\t\t<\/div>\n\t\t\t\t<\/div>\n\t\t\t\t<\/div>\n\t\t","protected":false},"excerpt":{"rendered":"<p>Nous contacter :<\/p>\n","protected":false},"author":1,"featured_media":0,"parent":0,"menu_order":0,"comment_status":"closed","ping_status":"closed","template":"","meta":{"site-sidebar-layout":"no-sidebar","site-content-layout":"","ast-site-content-layout":"full-width-container","site-content-style":"default","site-sidebar-style":"default","ast-global-header-display":"","ast-banner-title-visibility":"","ast-main-header-display":"","ast-hfb-above-header-display":"","ast-hfb-below-header-display":"","ast-hfb-mobile-header-display":"","site-post-title":"disabled","ast-breadcrumbs-content":"","ast-featured-img":"disabled","footer-sml-layout":"","theme-transparent-header-meta":"","adv-header-id-meta":"","stick-header-meta":"","header-above-stick-meta":"","header-main-stick-meta":"","header-below-stick-meta":"","astra-migrate-meta-layouts":"default","ast-page-background-enabled":"default","ast-page-background-meta":{"desktop":{"background-color":"var(--ast-global-color-4)","background-image":"","background-repeat":"repeat","background-position":"center center","background-size":"auto","background-attachment":"scroll","background-type":"","background-media":"","overlay-type":"","overlay-color":"","overlay-opacity":"","overlay-gradient":""},"tablet":{"background-color":"","background-image":"","background-repeat":"repeat","background-position":"center center","background-size":"auto","background-attachment":"scroll","background-type":"","background-media":"","overlay-type":"","overlay-color":"","overlay-opacity":"","overlay-gradient":""},"mobile":{"background-color":"","background-image":"","background-repeat":"repeat","background-position":"center center","background-size":"auto","background-attachment":"scroll","background-type":"","background-media":"","overlay-type":"","overlay-color":"","overlay-opacity":"","overlay-gradient":""}},"ast-content-background-meta":{"desktop":{"background-color":"var(--ast-global-color-5)","background-image":"","background-repeat":"repeat","background-position":"center center","background-size":"auto","background-attachment":"scroll","background-type":"","background-media":"","overlay-type":"","overlay-color":"","overlay-opacity":"","overlay-gradient":""},"tablet":{"background-color":"var(--ast-global-color-5)","background-image":"","background-repeat":"repeat","background-position":"center center","background-size":"auto","background-attachment":"scroll","background-type":"","background-media":"","overlay-type":"","overlay-color":"","overlay-opacity":"","overlay-gradient":""},"mobile":{"background-color":"var(--ast-global-color-5)","background-image":"","background-repeat":"repeat","background-position":"center center","background-size":"auto","background-attachment":"scroll","background-type":"","background-media":"","overlay-type":"","overlay-color":"","overlay-opacity":"","overlay-gradient":""}},"footnotes":""},"class_list":["post-36","page","type-page","status-publish","hentry"],"yoast_head":"<!-- This site is optimized with the Yoast SEO plugin v23.4 - https:\/\/yoast.com\/wordpress\/plugins\/seo\/ -->\n<title>Contact - WordPress<\/title>\n<meta name=\"robots\" content=\"index, follow, max-snippet:-1, max-image-preview:large, max-video-preview:-1\" \/>\n<link rel=\"canonical\" href=\"https:\/\/3dmoteur.com\/index.php\/contact\/\" \/>\n<meta property=\"og:locale\" content=\"en_US\" \/>\n<meta property=\"og:type\" content=\"article\" \/>\n<meta property=\"og:title\" content=\"Contact - WordPress\" \/>\n<meta property=\"og:description\" content=\"Nous contacter :\" \/>\n<meta property=\"og:url\" content=\"https:\/\/3dmoteur.com\/index.php\/contact\/\" \/>\n<meta property=\"og:site_name\" content=\"WordPress\" \/>\n<meta property=\"article:modified_time\" content=\"2024-11-04T12:09:32+00:00\" \/>\n<meta property=\"og:image\" content=\"http:\/\/3dmoteur.com\/wp-content\/uploads\/2024\/11\/IMG_3275-1024x768.jpg\" \/>\n<meta name=\"twitter:card\" content=\"summary_large_image\" \/>\n<meta name=\"twitter:label1\" content=\"Est. reading time\" \/>\n\t<meta name=\"twitter:data1\" content=\"1 minute\" \/>\n<script type=\"application\/ld+json\" class=\"yoast-schema-graph\">{\"@context\":\"https:\/\/schema.org\",\"@graph\":[{\"@type\":\"WebPage\",\"@id\":\"https:\/\/3dmoteur.com\/index.php\/contact\/\",\"url\":\"https:\/\/3dmoteur.com\/index.php\/contact\/\",\"name\":\"Contact - WordPress\",\"isPartOf\":{\"@id\":\"https:\/\/3dmoteur.com\/#website\"},\"primaryImageOfPage\":{\"@id\":\"https:\/\/3dmoteur.com\/index.php\/contact\/#primaryimage\"},\"image\":{\"@id\":\"https:\/\/3dmoteur.com\/index.php\/contact\/#primaryimage\"},\"thumbnailUrl\":\"http:\/\/3dmoteur.com\/wp-content\/uploads\/2024\/11\/IMG_3275-1024x768.jpg\",\"datePublished\":\"2024-09-02T09:50:40+00:00\",\"dateModified\":\"2024-11-04T12:09:32+00:00\",\"breadcrumb\":{\"@id\":\"https:\/\/3dmoteur.com\/index.php\/contact\/#breadcrumb\"},\"inLanguage\":\"en-US\",\"potentialAction\":[{\"@type\":\"ReadAction\",\"target\":[\"https:\/\/3dmoteur.com\/index.php\/contact\/\"]}]},{\"@type\":\"ImageObject\",\"inLanguage\":\"en-US\",\"@id\":\"https:\/\/3dmoteur.com\/index.php\/contact\/#primaryimage\",\"url\":\"https:\/\/3dmoteur.com\/wp-content\/uploads\/2024\/11\/IMG_3275-scaled.jpg\",\"contentUrl\":\"https:\/\/3dmoteur.com\/wp-content\/uploads\/2024\/11\/IMG_3275-scaled.jpg\",\"width\":2560,\"height\":1920},{\"@type\":\"BreadcrumbList\",\"@id\":\"https:\/\/3dmoteur.com\/index.php\/contact\/#breadcrumb\",\"itemListElement\":[{\"@type\":\"ListItem\",\"position\":1,\"name\":\"Accueil\",\"item\":\"https:\/\/3dmoteur.com\/\"},{\"@type\":\"ListItem\",\"position\":2,\"name\":\"Contact\"}]},{\"@type\":\"WebSite\",\"@id\":\"https:\/\/3dmoteur.com\/#website\",\"url\":\"https:\/\/3dmoteur.com\/\",\"name\":\"WordPress\",\"description\":\"Un site utilisant WordPress\",\"publisher\":{\"@id\":\"https:\/\/3dmoteur.com\/#organization\"},\"potentialAction\":[{\"@type\":\"SearchAction\",\"target\":{\"@type\":\"EntryPoint\",\"urlTemplate\":\"https:\/\/3dmoteur.com\/?s={search_term_string}\"},\"query-input\":{\"@type\":\"PropertyValueSpecification\",\"valueRequired\":true,\"valueName\":\"search_term_string\"}}],\"inLanguage\":\"en-US\"},{\"@type\":\"Organization\",\"@id\":\"https:\/\/3dmoteur.com\/#organization\",\"name\":\"WordPress\",\"url\":\"https:\/\/3dmoteur.com\/\",\"logo\":{\"@type\":\"ImageObject\",\"inLanguage\":\"en-US\",\"@id\":\"https:\/\/3dmoteur.com\/#\/schema\/logo\/image\/\",\"url\":\"https:\/\/3dmoteur.com\/wp-content\/uploads\/2024\/08\/cropped-unnamed-1.jpg\",\"contentUrl\":\"https:\/\/3dmoteur.com\/wp-content\/uploads\/2024\/08\/cropped-unnamed-1.jpg\",\"width\":607,\"height\":572,\"caption\":\"WordPress\"},\"image\":{\"@id\":\"https:\/\/3dmoteur.com\/#\/schema\/logo\/image\/\"}}]}<\/script>\n<!-- \/ Yoast SEO plugin. -->","yoast_head_json":{"title":"Contact - WordPress","robots":{"index":"index","follow":"follow","max-snippet":"max-snippet:-1","max-image-preview":"max-image-preview:large","max-video-preview":"max-video-preview:-1"},"canonical":"https:\/\/3dmoteur.com\/index.php\/contact\/","og_locale":"en_US","og_type":"article","og_title":"Contact - WordPress","og_description":"Nous contacter :","og_url":"https:\/\/3dmoteur.com\/index.php\/contact\/","og_site_name":"WordPress","article_modified_time":"2024-11-04T12:09:32+00:00","og_image":[{"url":"http:\/\/3dmoteur.com\/wp-content\/uploads\/2024\/11\/IMG_3275-1024x768.jpg"}],"twitter_card":"summary_large_image","twitter_misc":{"Est. reading time":"1 minute"},"schema":{"@context":"https:\/\/schema.org","@graph":[{"@type":"WebPage","@id":"https:\/\/3dmoteur.com\/index.php\/contact\/","url":"https:\/\/3dmoteur.com\/index.php\/contact\/","name":"Contact - WordPress","isPartOf":{"@id":"https:\/\/3dmoteur.com\/#website"},"primaryImageOfPage":{"@id":"https:\/\/3dmoteur.com\/index.php\/contact\/#primaryimage"},"image":{"@id":"https:\/\/3dmoteur.com\/index.php\/contact\/#primaryimage"},"thumbnailUrl":"http:\/\/3dmoteur.com\/wp-content\/uploads\/2024\/11\/IMG_3275-1024x768.jpg","datePublished":"2024-09-02T09:50:40+00:00","dateModified":"2024-11-04T12:09:32+00:00","breadcrumb":{"@id":"https:\/\/3dmoteur.com\/index.php\/contact\/#breadcrumb"},"inLanguage":"en-US","potentialAction":[{"@type":"ReadAction","target":["https:\/\/3dmoteur.com\/index.php\/contact\/"]}]},{"@type":"ImageObject","inLanguage":"en-US","@id":"https:\/\/3dmoteur.com\/index.php\/contact\/#primaryimage","url":"https:\/\/3dmoteur.com\/wp-content\/uploads\/2024\/11\/IMG_3275-scaled.jpg","contentUrl":"https:\/\/3dmoteur.com\/wp-content\/uploads\/2024\/11\/IMG_3275-scaled.jpg","width":2560,"height":1920},{"@type":"BreadcrumbList","@id":"https:\/\/3dmoteur.com\/index.php\/contact\/#breadcrumb","itemListElement":[{"@type":"ListItem","position":1,"name":"Accueil","item":"https:\/\/3dmoteur.com\/"},{"@type":"ListItem","position":2,"name":"Contact"}]},{"@type":"WebSite","@id":"https:\/\/3dmoteur.com\/#website","url":"https:\/\/3dmoteur.com\/","name":"WordPress","description":"Un site utilisant WordPress","publisher":{"@id":"https:\/\/3dmoteur.com\/#organization"},"potentialAction":[{"@type":"SearchAction","target":{"@type":"EntryPoint","urlTemplate":"https:\/\/3dmoteur.com\/?s={search_term_string}"},"query-input":{"@type":"PropertyValueSpecification","valueRequired":true,"valueName":"search_term_string"}}],"inLanguage":"en-US"},{"@type":"Organization","@id":"https:\/\/3dmoteur.com\/#organization","name":"WordPress","url":"https:\/\/3dmoteur.com\/","logo":{"@type":"ImageObject","inLanguage":"en-US","@id":"https:\/\/3dmoteur.com\/#\/schema\/logo\/image\/","url":"https:\/\/3dmoteur.com\/wp-content\/uploads\/2024\/08\/cropped-unnamed-1.jpg","contentUrl":"https:\/\/3dmoteur.com\/wp-content\/uploads\/2024\/08\/cropped-unnamed-1.jpg","width":607,"height":572,"caption":"WordPress"},"image":{"@id":"https:\/\/3dmoteur.com\/#\/schema\/logo\/image\/"}}]}},"_links":{"self":[{"href":"https:\/\/3dmoteur.com\/index.php\/wp-json\/wp\/v2\/pages\/36","targetHints":{"allow":["GET"]}}],"collection":[{"href":"https:\/\/3dmoteur.com\/index.php\/wp-json\/wp\/v2\/pages"}],"about":[{"href":"https:\/\/3dmoteur.com\/index.php\/wp-json\/wp\/v2\/types\/page"}],"author":[{"embeddable":true,"href":"https:\/\/3dmoteur.com\/index.php\/wp-json\/wp\/v2\/users\/1"}],"replies":[{"embeddable":true,"href":"https:\/\/3dmoteur.com\/index.php\/wp-json\/wp\/v2\/comments?post=36"}],"version-history":[{"count":16,"href":"https:\/\/3dmoteur.com\/index.php\/wp-json\/wp\/v2\/pages\/36\/revisions"}],"predecessor-version":[{"id":424,"href":"https:\/\/3dmoteur.com\/index.php\/wp-json\/wp\/v2\/pages\/36\/revisions\/424"}],"wp:attachment":[{"href":"https:\/\/3dmoteur.com\/index.php\/wp-json\/wp\/v2\/media?parent=36"}],"curies":[{"name":"wp","href":"https:\/\/api.w.org\/{rel}","templated":true}]}}