{"id":451,"date":"2024-11-27T16:04:29","date_gmt":"2024-11-27T15:04:29","guid":{"rendered":"https:\/\/3dmoteur.com\/?page_id=451"},"modified":"2025-05-27T08:23:15","modified_gmt":"2025-05-27T06:23:15","slug":"reparation-vl-vu","status":"publish","type":"page","link":"https:\/\/3dmoteur.com\/index.php\/reparation-vl-vu\/","title":{"rendered":"R\u00e9paration VL\/VU"},"content":{"rendered":"\t\t<div data-elementor-type=\"wp-page\" data-elementor-id=\"451\" class=\"elementor elementor-451\">\n\t\t\t\t<div class=\"elementor-element elementor-element-7e60e23 e-flex e-con-boxed e-con e-parent\" data-id=\"7e60e23\" data-element_type=\"container\" data-settings=\"{&quot;background_background&quot;:&quot;classic&quot;}\">\n\t\t\t\t\t<div class=\"e-con-inner\">\n\t\t<div class=\"elementor-element elementor-element-319793e e-con-full e-flex e-con e-child\" data-id=\"319793e\" data-element_type=\"container\" data-settings=\"{&quot;background_background&quot;:&quot;classic&quot;}\">\n\t\t\t\t<div class=\"elementor-element elementor-element-5e4e942 elementor-widget elementor-widget-heading\" data-id=\"5e4e942\" data-element_type=\"widget\" data-widget_type=\"heading.default\">\n\t\t\t\t<div class=\"elementor-widget-container\">\n\t\t\t<h2 class=\"elementor-heading-title elementor-size-default\">R\u00c9PARATION DE V\u00c9HICULES L\u00c9GERS ET UTILITAIRES<\/h2>\t\t<\/div>\n\t\t\t\t<\/div>\n\t\t\t\t<div class=\"elementor-element elementor-element-704c1a3 elementor-widget elementor-widget-heading\" data-id=\"704c1a3\" data-element_type=\"widget\" data-widget_type=\"heading.default\">\n\t\t\t\t<div class=\"elementor-widget-container\">\n\t\t\t<h2 class=\"elementor-heading-title elementor-size-default\">Redonnez vie \u00e0 votre v\u00e9hicule<\/h2>\t\t<\/div>\n\t\t\t\t<\/div>\n\t\t\t\t<\/div>\n\t\t\t\t\t<\/div>\n\t\t\t\t<\/div>\n\t\t<div class=\"elementor-element elementor-element-28a096e e-flex e-con-boxed e-con e-parent\" data-id=\"28a096e\" data-element_type=\"container\">\n\t\t\t\t\t<div class=\"e-con-inner\">\n\t\t\t\t<div class=\"elementor-element elementor-element-2c7a185 elementor-widget elementor-widget-text-editor\" data-id=\"2c7a185\" data-element_type=\"widget\" data-widget_type=\"text-editor.default\">\n\t\t\t\t<div class=\"elementor-widget-container\">\n\t\t\t\t\t\t\t<p>Chez <strong>3D Moteur<\/strong>, nous sommes experts dans la r\u00e9paration de moteurs mais aussi la maintenance et la r\u00e9paration de vos\u00a0 v\u00e9hicules l\u00e9gers et utilitaires toutes marques. Notre mission : entretenir et r\u00e9parer votre v\u00e9hicule\u00a0 efficacement, pour vous permettre de reprendre la route en toute confiance. Que vous soyez un particulier ou un professionnel, nous proposons des solutions sur mesure adapt\u00e9es \u00e0 vos besoins et \u00e0 vos contraintes.<\/p>\t\t\t\t\t\t<\/div>\n\t\t\t\t<\/div>\n\t\t\t\t\t<\/div>\n\t\t\t\t<\/div>\n\t\t<div class=\"elementor-element elementor-element-341b707 e-flex e-con-boxed e-con e-parent\" data-id=\"341b707\" data-element_type=\"container\">\n\t\t\t\t\t<div class=\"e-con-inner\">\n\t\t\t\t<div class=\"elementor-element elementor-element-afcd437 elementor-widget elementor-widget-heading\" data-id=\"afcd437\" data-element_type=\"widget\" data-widget_type=\"heading.default\">\n\t\t\t\t<div class=\"elementor-widget-container\">\n\t\t\t<h3 class=\"elementor-heading-title elementor-size-default\">Nos services de r\u00e9paration de moteurs VL\/VU<\/h3>\t\t<\/div>\n\t\t\t\t<\/div>\n\t\t\t\t\t<\/div>\n\t\t\t\t<\/div>\n\t\t<div class=\"elementor-element elementor-element-8349a93 e-con-full e-flex e-con e-parent\" data-id=\"8349a93\" data-element_type=\"container\">\n\t\t<div class=\"elementor-element elementor-element-e3d0c80 e-con-full e-flex e-con e-child\" data-id=\"e3d0c80\" data-element_type=\"container\">\n\t\t\t\t<div class=\"elementor-element elementor-element-df72df8 elementor-widget elementor-widget-image\" data-id=\"df72df8\" data-element_type=\"widget\" data-widget_type=\"image.default\">\n\t\t\t\t<div class=\"elementor-widget-container\">\n\t\t\t\t\t\t\t\t\t\t\t\t\t<img fetchpriority=\"high\" decoding=\"async\" width=\"1024\" height=\"768\" src=\"https:\/\/3dmoteur.com\/wp-content\/uploads\/2024\/11\/IMG_3281-1024x768.jpg\" class=\"attachment-large size-large wp-image-370\" alt=\"\" srcset=\"https:\/\/3dmoteur.com\/wp-content\/uploads\/2024\/11\/IMG_3281-1024x768.jpg 1024w, https:\/\/3dmoteur.com\/wp-content\/uploads\/2024\/11\/IMG_3281-300x225.jpg 300w, https:\/\/3dmoteur.com\/wp-content\/uploads\/2024\/11\/IMG_3281-768x576.jpg 768w, https:\/\/3dmoteur.com\/wp-content\/uploads\/2024\/11\/IMG_3281-1536x1152.jpg 1536w, https:\/\/3dmoteur.com\/wp-content\/uploads\/2024\/11\/IMG_3281-2048x1536.jpg 2048w\" sizes=\"(max-width: 1024px) 100vw, 1024px\" \/>\t\t\t\t\t\t\t\t\t\t\t\t\t<\/div>\n\t\t\t\t<\/div>\n\t\t\t\t<\/div>\n\t\t<div class=\"elementor-element elementor-element-df7bd7c e-con-full e-flex e-con e-child\" data-id=\"df7bd7c\" data-element_type=\"container\">\n\t\t<div class=\"elementor-element elementor-element-f41bbbe e-con-full e-flex e-con e-child\" data-id=\"f41bbbe\" data-element_type=\"container\">\n\t\t\t\t<div class=\"elementor-element elementor-element-cfe58bc elementor-widget elementor-widget-text-editor\" data-id=\"cfe58bc\" data-element_type=\"widget\" data-widget_type=\"text-editor.default\">\n\t\t\t\t<div class=\"elementor-widget-container\">\n\t\t\t\t\t\t\t<p>L&nbsp;<strong>3D Moteur<\/strong>&nbsp;est aussi&nbsp; un garage multi marques. Nous vous proposons une multitude de services pr\u00e9ventif ou curatif pour vos v\u00e9hicules:&nbsp;<\/p>\n<ul>\n<li><strong>entretien pr\u00e9ventif:&nbsp;<\/strong>nettoyage ou d\u00e9calaminage hydrog\u00e8ne, recharge climatisation, pr\u00e9-visite au contr\u00f4le technique, r\u00e9glage parall\u00e9lisme ou g\u00e9om\u00e9trie.<\/li>\n<li><strong>Entretien courant:<\/strong> remplacement des freins,&nbsp; des pneus, des batteries. Vidange moteur, vidange&nbsp; boite de vitesse manuel et automatique, vidange circuit de freinage,&nbsp;<\/li>\n<li><strong>R\u00e9paration: <\/strong>courroie de distribution, pompe a eau thermostat. Remplacement embrayage&nbsp;<\/li>\n<li><strong>R\u00e9paration des syst\u00e8mes d\u2019injection<\/strong> : Nous diagnostiquons et r\u00e9parons les syst\u00e8mes d\u2019injection de carburant pour r\u00e9tablir une combustion optimale.<\/li>\n<li><strong>R\u00e9paration des syst\u00e8mes \u00e9lectroniques<\/strong> : Nos outils avanc\u00e9s nous permettent de traiter les dysfonctionnements \u00e9lectroniques li\u00e9s aux calculateurs, capteurs et actuateurs.<\/li>\n<\/ul>\t\t\t\t\t\t<\/div>\n\t\t\t\t<\/div>\n\t\t\t\t<\/div>\n\t\t\t\t<\/div>\n\t\t\t\t<\/div>\n\t\t<div class=\"elementor-element elementor-element-143f13d e-grid e-con-boxed e-con e-parent\" data-id=\"143f13d\" data-element_type=\"container\" data-settings=\"{&quot;background_background&quot;:&quot;classic&quot;}\">\n\t\t\t\t\t<div class=\"e-con-inner\">\n\t\t\t\t<div class=\"elementor-element elementor-element-d877adf elementor-view-default elementor-position-top elementor-mobile-position-top elementor-widget elementor-widget-icon-box\" data-id=\"d877adf\" data-element_type=\"widget\" data-widget_type=\"icon-box.default\">\n\t\t\t\t<div class=\"elementor-widget-container\">\n\t\t\t\t\t<div class=\"elementor-icon-box-wrapper\">\n\n\t\t\t\t\t\t<div class=\"elementor-icon-box-icon\">\n\t\t\t\t<span  class=\"elementor-icon elementor-animation-\">\n\t\t\t\t<svg aria-hidden=\"true\" class=\"e-font-icon-svg e-fas-map-marker-alt\" viewBox=\"0 0 384 512\" xmlns=\"http:\/\/www.w3.org\/2000\/svg\"><path d=\"M172.268 501.67C26.97 291.031 0 269.413 0 192 0 85.961 85.961 0 192 0s192 85.961 192 192c0 77.413-26.97 99.031-172.268 309.67-9.535 13.774-29.93 13.773-39.464 0zM192 272c44.183 0 80-35.817 80-80s-35.817-80-80-80-80 35.817-80 80 35.817 80 80 80z\"><\/path><\/svg>\t\t\t\t<\/span>\n\t\t\t<\/div>\n\t\t\t\n\t\t\t\t\t\t<div class=\"elementor-icon-box-content\">\n\n\t\t\t\t\t\t\t\t\t<h3 class=\"elementor-icon-box-title\">\n\t\t\t\t\t\t<span  >\n\t\t\t\t\t\t\tR\u00e9paration en atelier\t\t\t\t\t\t<\/span>\n\t\t\t\t\t<\/h3>\n\t\t\t\t\n\t\t\t\t\t\t\t\t\t<p class=\"elementor-icon-box-description\">\n\t\t\t\t\t\t<strong>R\u00e9paration en atelier<\/strong> : Notre atelier est \u00e9quip\u00e9 des derni\u00e8res technologies pour des r\u00e9parations complexes et des tests approfondis avant le retour de votre v\u00e9hicule.\t\t\t\t\t<\/p>\n\t\t\t\t\n\t\t\t<\/div>\n\t\t\t\n\t\t<\/div>\n\t\t\t\t<\/div>\n\t\t\t\t<\/div>\n\t\t\t\t<div class=\"elementor-element elementor-element-4997e90 elementor-view-default elementor-position-top elementor-mobile-position-top elementor-widget elementor-widget-icon-box\" data-id=\"4997e90\" data-element_type=\"widget\" data-widget_type=\"icon-box.default\">\n\t\t\t\t<div class=\"elementor-widget-container\">\n\t\t\t\t\t<div class=\"elementor-icon-box-wrapper\">\n\n\t\t\t\t\t\t<div class=\"elementor-icon-box-icon\">\n\t\t\t\t<span  class=\"elementor-icon elementor-animation-\">\n\t\t\t\t<svg aria-hidden=\"true\" class=\"e-font-icon-svg e-fas-backward\" viewBox=\"0 0 512 512\" xmlns=\"http:\/\/www.w3.org\/2000\/svg\"><path d=\"M11.5 280.6l192 160c20.6 17.2 52.5 2.8 52.5-24.6V96c0-27.4-31.9-41.8-52.5-24.6l-192 160c-15.3 12.8-15.3 36.4 0 49.2zm256 0l192 160c20.6 17.2 52.5 2.8 52.5-24.6V96c0-27.4-31.9-41.8-52.5-24.6l-192 160c-15.3 12.8-15.3 36.4 0 49.2z\"><\/path><\/svg>\t\t\t\t<\/span>\n\t\t\t<\/div>\n\t\t\t\n\t\t\t\t\t\t<div class=\"elementor-icon-box-content\">\n\n\t\t\t\t\t\t\t\t\t<h3 class=\"elementor-icon-box-title\">\n\t\t\t\t\t\t<span  >\n\t\t\t\t\t\t\tPourquoi Faire R\u00e9parer Votre Moteur chez 3D Moteur ?\t\t\t\t\t\t<\/span>\n\t\t\t\t\t<\/h3>\n\t\t\t\t\n\t\t\t\t\t\t\t\t\t<p class=\"elementor-icon-box-description\">\n\t\t\t\t\t\t<b>Techniciens qualifi\u00e9s<\/b> : Nos experts disposent d\u2019une formation sp\u00e9cialis\u00e9e et d\u2019une exp\u00e9rience approfondie sur des v\u00e9hicules de toutes marques.\n<br>\n<b>Pi\u00e8ces de qualit\u00e9<\/b> : Nous utilisons exclusivement des pi\u00e8ces certifi\u00e9es d\u2019origine ou \u00e9quivalentes pour assurer la fiabilit\u00e9 et la durabilit\u00e9 des r\u00e9parations.\n<br>\n<b>Intervention rapide<\/b> : Conscients de l\u2019importance de votre v\u00e9hicule au quotidien ou dans votre activit\u00e9 professionnelle, nous r\u00e9parons votre moteur dans les meilleurs d\u00e9lais.\n<br>\n<b>Transparence<\/b> : Nous vous tenons inform\u00e9 \u00e0 chaque \u00e9tape et vous fournissons un devis clair avant toute intervention.\n<br>\n<b>Service pour flottes<\/b> : Nous proposons des solutions sp\u00e9cifiques aux entreprises pour la maintenance et la r\u00e9paration des v\u00e9hicules utilitaires de leurs parcs automobiles.\t\t\t\t\t<\/p>\n\t\t\t\t\n\t\t\t<\/div>\n\t\t\t\n\t\t<\/div>\n\t\t\t\t<\/div>\n\t\t\t\t<\/div>\n\t\t\t\t\t<\/div>\n\t\t\t\t<\/div>\n\t\t<div class=\"elementor-element elementor-element-0294956 e-con-full e-flex e-con e-parent\" data-id=\"0294956\" data-element_type=\"container\">\n\t\t<div class=\"elementor-element elementor-element-926fc78 e-con-full e-flex e-con e-child\" data-id=\"926fc78\" data-element_type=\"container\">\n\t\t\t\t<div class=\"elementor-element elementor-element-64baf7e elementor-widget elementor-widget-image\" data-id=\"64baf7e\" data-element_type=\"widget\" data-widget_type=\"image.default\">\n\t\t\t\t<div class=\"elementor-widget-container\">\n\t\t\t\t\t\t\t\t\t\t\t\t\t<img decoding=\"async\" width=\"1024\" height=\"768\" src=\"https:\/\/3dmoteur.com\/wp-content\/uploads\/2024\/11\/IMG_9109-1024x768.jpg\" class=\"attachment-large size-large wp-image-386\" alt=\"\" srcset=\"https:\/\/3dmoteur.com\/wp-content\/uploads\/2024\/11\/IMG_9109-1024x768.jpg 1024w, https:\/\/3dmoteur.com\/wp-content\/uploads\/2024\/11\/IMG_9109-300x225.jpg 300w, https:\/\/3dmoteur.com\/wp-content\/uploads\/2024\/11\/IMG_9109-768x576.jpg 768w, https:\/\/3dmoteur.com\/wp-content\/uploads\/2024\/11\/IMG_9109-1536x1152.jpg 1536w, https:\/\/3dmoteur.com\/wp-content\/uploads\/2024\/11\/IMG_9109.jpg 2040w\" sizes=\"(max-width: 1024px) 100vw, 1024px\" \/>\t\t\t\t\t\t\t\t\t\t\t\t\t<\/div>\n\t\t\t\t<\/div>\n\t\t\t\t<\/div>\n\t\t<div class=\"elementor-element elementor-element-38c57b9 e-con-full e-flex e-con e-child\" data-id=\"38c57b9\" data-element_type=\"container\">\n\t\t\t\t<div class=\"elementor-element elementor-element-84b801b elementor-widget elementor-widget-text-editor\" data-id=\"84b801b\" data-element_type=\"widget\" data-widget_type=\"text-editor.default\">\n\t\t\t\t<div class=\"elementor-widget-container\">\n\t\t\t\t\t\t\t<h4><strong>Contactez-nous pour vos besoins en R\u00e9paration<\/strong><\/h4>\n<p>Vous faites face \u00e0 une panne de moteur ? Faites appel \u00e0 <strong>3D Moteur<\/strong> pour une r\u00e9paration rapide, fiable et durable. Contactez-nous d\u00e8s aujourd&#8217;hui pour obtenir un devis ou planifier une intervention.<\/p>\t\t\t\t\t\t<\/div>\n\t\t\t\t<\/div>\n\t\t\t\t<div class=\"elementor-element elementor-element-42bd7bf elementor-align-center elementor-widget elementor-widget-button\" data-id=\"42bd7bf\" data-element_type=\"widget\" data-widget_type=\"button.default\">\n\t\t\t\t<div class=\"elementor-widget-container\">\n\t\t\t\t\t<div class=\"elementor-button-wrapper\">\n\t\t\t<a class=\"elementor-button elementor-button-link elementor-size-sm elementor-animation-grow\" href=\"https:\/\/3dmoteur.com\/index.php\/contact\/\">\n\t\t\t\t\t\t<span class=\"elementor-button-content-wrapper\">\n\t\t\t\t\t\t\t\t\t<span class=\"elementor-button-text\">Contactez-nous<\/span>\n\t\t\t\t\t<\/span>\n\t\t\t\t\t<\/a>\n\t\t<\/div>\n\t\t\t\t<\/div>\n\t\t\t\t<\/div>\n\t\t\t\t<div class=\"elementor-element elementor-element-0ee59d9 elementor-widget elementor-widget-image\" data-id=\"0ee59d9\" data-element_type=\"widget\" data-widget_type=\"image.default\">\n\t\t\t\t<div class=\"elementor-widget-container\">\n\t\t\t\t\t\t\t\t\t\t\t\t\t<img decoding=\"async\" width=\"607\" height=\"572\" src=\"https:\/\/3dmoteur.com\/wp-content\/uploads\/2024\/08\/cropped-unnamed-1-140x132.jpg\" class=\"attachment-large size-large wp-image-29\" alt=\"\" srcset=\"https:\/\/3dmoteur.com\/wp-content\/uploads\/2024\/08\/cropped-unnamed-1.jpg 607w, https:\/\/3dmoteur.com\/wp-content\/uploads\/2024\/08\/cropped-unnamed-1-300x283.jpg 300w, https:\/\/3dmoteur.com\/wp-content\/uploads\/2024\/08\/cropped-unnamed-1-140x132.jpg 140w\" sizes=\"(max-width: 607px) 100vw, 607px\" \/>\t\t\t\t\t\t\t\t\t\t\t\t\t<\/div>\n\t\t\t\t<\/div>\n\t\t\t\t<\/div>\n\t\t\t\t<\/div>\n\t\t<div class=\"elementor-element elementor-element-203e8ed e-flex e-con-boxed e-con e-parent\" data-id=\"203e8ed\" data-element_type=\"container\">\n\t\t\t\t\t<div class=\"e-con-inner\">\n\t\t\t\t<div class=\"elementor-element elementor-element-070ee2c elementor-widget elementor-widget-spacer\" data-id=\"070ee2c\" data-element_type=\"widget\" data-widget_type=\"spacer.default\">\n\t\t\t\t<div class=\"elementor-widget-container\">\n\t\t\t\t\t<div class=\"elementor-spacer\">\n\t\t\t<div class=\"elementor-spacer-inner\"><\/div>\n\t\t<\/div>\n\t\t\t\t<\/div>\n\t\t\t\t<\/div>\n\t\t\t\t\t<\/div>\n\t\t\t\t<\/div>\n\t\t\t\t<\/div>\n\t\t","protected":false},"excerpt":{"rendered":"<p>R\u00c9PARATION DE V\u00c9HICULES L\u00c9GERS ET UTILITAIRES Redonnez vie \u00e0 votre v\u00e9hicule Chez 3D Moteur, nous sommes experts dans la r\u00e9paration [&hellip;]<\/p>\n","protected":false},"author":1,"featured_media":0,"parent":0,"menu_order":0,"comment_status":"closed","ping_status":"closed","template":"","meta":{"site-sidebar-layout":"no-sidebar","site-content-layout":"","ast-site-content-layout":"full-width-container","site-content-style":"default","site-sidebar-style":"default","ast-global-header-display":"","ast-banner-title-visibility":"","ast-main-header-display":"","ast-hfb-above-header-display":"","ast-hfb-below-header-display":"","ast-hfb-mobile-header-display":"","site-post-title":"disabled","ast-breadcrumbs-content":"","ast-featured-img":"disabled","footer-sml-layout":"","theme-transparent-header-meta":"","adv-header-id-meta":"","stick-header-meta":"","header-above-stick-meta":"","header-main-stick-meta":"","header-below-stick-meta":"","astra-migrate-meta-layouts":"default","ast-page-background-enabled":"default","ast-page-background-meta":{"desktop":{"background-color":"var(--ast-global-color-4)","background-image":"","background-repeat":"repeat","background-position":"center center","background-size":"auto","background-attachment":"scroll","background-type":"","background-media":"","overlay-type":"","overlay-color":"","overlay-opacity":"","overlay-gradient":""},"tablet":{"background-color":"","background-image":"","background-repeat":"repeat","background-position":"center center","background-size":"auto","background-attachment":"scroll","background-type":"","background-media":"","overlay-type":"","overlay-color":"","overlay-opacity":"","overlay-gradient":""},"mobile":{"background-color":"","background-image":"","background-repeat":"repeat","background-position":"center center","background-size":"auto","background-attachment":"scroll","background-type":"","background-media":"","overlay-type":"","overlay-color":"","overlay-opacity":"","overlay-gradient":""}},"ast-content-background-meta":{"desktop":{"background-color":"var(--ast-global-color-5)","background-image":"","background-repeat":"repeat","background-position":"center center","background-size":"auto","background-attachment":"scroll","background-type":"","background-media":"","overlay-type":"","overlay-color":"","overlay-opacity":"","overlay-gradient":""},"tablet":{"background-color":"var(--ast-global-color-5)","background-image":"","background-repeat":"repeat","background-position":"center center","background-size":"auto","background-attachment":"scroll","background-type":"","background-media":"","overlay-type":"","overlay-color":"","overlay-opacity":"","overlay-gradient":""},"mobile":{"background-color":"var(--ast-global-color-5)","background-image":"","background-repeat":"repeat","background-position":"center center","background-size":"auto","background-attachment":"scroll","background-type":"","background-media":"","overlay-type":"","overlay-color":"","overlay-opacity":"","overlay-gradient":""}},"footnotes":""},"class_list":["post-451","page","type-page","status-publish","hentry"],"yoast_head":"<!-- This site is optimized with the Yoast SEO plugin v23.4 - https:\/\/yoast.com\/wordpress\/plugins\/seo\/ -->\n<title>R\u00e9paration VL\/VU - WordPress<\/title>\n<meta name=\"robots\" content=\"index, follow, max-snippet:-1, max-image-preview:large, max-video-preview:-1\" \/>\n<link rel=\"canonical\" href=\"https:\/\/3dmoteur.com\/index.php\/reparation-vl-vu\/\" \/>\n<meta property=\"og:locale\" content=\"en_US\" \/>\n<meta property=\"og:type\" content=\"article\" \/>\n<meta property=\"og:title\" content=\"R\u00e9paration VL\/VU - WordPress\" \/>\n<meta property=\"og:description\" content=\"R\u00c9PARATION DE V\u00c9HICULES L\u00c9GERS ET UTILITAIRES Redonnez vie \u00e0 votre v\u00e9hicule Chez 3D Moteur, nous sommes experts dans la r\u00e9paration [&hellip;]\" \/>\n<meta property=\"og:url\" content=\"https:\/\/3dmoteur.com\/index.php\/reparation-vl-vu\/\" \/>\n<meta property=\"og:site_name\" content=\"WordPress\" \/>\n<meta property=\"article:modified_time\" content=\"2025-05-27T06:23:15+00:00\" \/>\n<meta property=\"og:image\" content=\"http:\/\/3dmoteur.com\/wp-content\/uploads\/2024\/11\/IMG_3281-1024x768.jpg\" \/>\n<meta name=\"twitter:card\" content=\"summary_large_image\" \/>\n<meta name=\"twitter:label1\" content=\"Est. reading time\" \/>\n\t<meta name=\"twitter:data1\" content=\"2 minutes\" \/>\n<script type=\"application\/ld+json\" class=\"yoast-schema-graph\">{\"@context\":\"https:\/\/schema.org\",\"@graph\":[{\"@type\":\"WebPage\",\"@id\":\"https:\/\/3dmoteur.com\/index.php\/reparation-vl-vu\/\",\"url\":\"https:\/\/3dmoteur.com\/index.php\/reparation-vl-vu\/\",\"name\":\"R\u00e9paration VL\/VU - WordPress\",\"isPartOf\":{\"@id\":\"https:\/\/3dmoteur.com\/#website\"},\"primaryImageOfPage\":{\"@id\":\"https:\/\/3dmoteur.com\/index.php\/reparation-vl-vu\/#primaryimage\"},\"image\":{\"@id\":\"https:\/\/3dmoteur.com\/index.php\/reparation-vl-vu\/#primaryimage\"},\"thumbnailUrl\":\"http:\/\/3dmoteur.com\/wp-content\/uploads\/2024\/11\/IMG_3281-1024x768.jpg\",\"datePublished\":\"2024-11-27T15:04:29+00:00\",\"dateModified\":\"2025-05-27T06:23:15+00:00\",\"breadcrumb\":{\"@id\":\"https:\/\/3dmoteur.com\/index.php\/reparation-vl-vu\/#breadcrumb\"},\"inLanguage\":\"en-US\",\"potentialAction\":[{\"@type\":\"ReadAction\",\"target\":[\"https:\/\/3dmoteur.com\/index.php\/reparation-vl-vu\/\"]}]},{\"@type\":\"ImageObject\",\"inLanguage\":\"en-US\",\"@id\":\"https:\/\/3dmoteur.com\/index.php\/reparation-vl-vu\/#primaryimage\",\"url\":\"https:\/\/3dmoteur.com\/wp-content\/uploads\/2024\/11\/IMG_3281-scaled.jpg\",\"contentUrl\":\"https:\/\/3dmoteur.com\/wp-content\/uploads\/2024\/11\/IMG_3281-scaled.jpg\",\"width\":2560,\"height\":1920},{\"@type\":\"BreadcrumbList\",\"@id\":\"https:\/\/3dmoteur.com\/index.php\/reparation-vl-vu\/#breadcrumb\",\"itemListElement\":[{\"@type\":\"ListItem\",\"position\":1,\"name\":\"Accueil\",\"item\":\"https:\/\/3dmoteur.com\/\"},{\"@type\":\"ListItem\",\"position\":2,\"name\":\"R\u00e9paration VL\/VU\"}]},{\"@type\":\"WebSite\",\"@id\":\"https:\/\/3dmoteur.com\/#website\",\"url\":\"https:\/\/3dmoteur.com\/\",\"name\":\"WordPress\",\"description\":\"Un site utilisant WordPress\",\"publisher\":{\"@id\":\"https:\/\/3dmoteur.com\/#organization\"},\"potentialAction\":[{\"@type\":\"SearchAction\",\"target\":{\"@type\":\"EntryPoint\",\"urlTemplate\":\"https:\/\/3dmoteur.com\/?s={search_term_string}\"},\"query-input\":{\"@type\":\"PropertyValueSpecification\",\"valueRequired\":true,\"valueName\":\"search_term_string\"}}],\"inLanguage\":\"en-US\"},{\"@type\":\"Organization\",\"@id\":\"https:\/\/3dmoteur.com\/#organization\",\"name\":\"WordPress\",\"url\":\"https:\/\/3dmoteur.com\/\",\"logo\":{\"@type\":\"ImageObject\",\"inLanguage\":\"en-US\",\"@id\":\"https:\/\/3dmoteur.com\/#\/schema\/logo\/image\/\",\"url\":\"https:\/\/3dmoteur.com\/wp-content\/uploads\/2024\/08\/cropped-unnamed-1.jpg\",\"contentUrl\":\"https:\/\/3dmoteur.com\/wp-content\/uploads\/2024\/08\/cropped-unnamed-1.jpg\",\"width\":607,\"height\":572,\"caption\":\"WordPress\"},\"image\":{\"@id\":\"https:\/\/3dmoteur.com\/#\/schema\/logo\/image\/\"}}]}<\/script>\n<!-- \/ Yoast SEO plugin. -->","yoast_head_json":{"title":"R\u00e9paration VL\/VU - WordPress","robots":{"index":"index","follow":"follow","max-snippet":"max-snippet:-1","max-image-preview":"max-image-preview:large","max-video-preview":"max-video-preview:-1"},"canonical":"https:\/\/3dmoteur.com\/index.php\/reparation-vl-vu\/","og_locale":"en_US","og_type":"article","og_title":"R\u00e9paration VL\/VU - WordPress","og_description":"R\u00c9PARATION DE V\u00c9HICULES L\u00c9GERS ET UTILITAIRES Redonnez vie \u00e0 votre v\u00e9hicule Chez 3D Moteur, nous sommes experts dans la r\u00e9paration [&hellip;]","og_url":"https:\/\/3dmoteur.com\/index.php\/reparation-vl-vu\/","og_site_name":"WordPress","article_modified_time":"2025-05-27T06:23:15+00:00","og_image":[{"url":"http:\/\/3dmoteur.com\/wp-content\/uploads\/2024\/11\/IMG_3281-1024x768.jpg"}],"twitter_card":"summary_large_image","twitter_misc":{"Est. reading time":"2 minutes"},"schema":{"@context":"https:\/\/schema.org","@graph":[{"@type":"WebPage","@id":"https:\/\/3dmoteur.com\/index.php\/reparation-vl-vu\/","url":"https:\/\/3dmoteur.com\/index.php\/reparation-vl-vu\/","name":"R\u00e9paration VL\/VU - WordPress","isPartOf":{"@id":"https:\/\/3dmoteur.com\/#website"},"primaryImageOfPage":{"@id":"https:\/\/3dmoteur.com\/index.php\/reparation-vl-vu\/#primaryimage"},"image":{"@id":"https:\/\/3dmoteur.com\/index.php\/reparation-vl-vu\/#primaryimage"},"thumbnailUrl":"http:\/\/3dmoteur.com\/wp-content\/uploads\/2024\/11\/IMG_3281-1024x768.jpg","datePublished":"2024-11-27T15:04:29+00:00","dateModified":"2025-05-27T06:23:15+00:00","breadcrumb":{"@id":"https:\/\/3dmoteur.com\/index.php\/reparation-vl-vu\/#breadcrumb"},"inLanguage":"en-US","potentialAction":[{"@type":"ReadAction","target":["https:\/\/3dmoteur.com\/index.php\/reparation-vl-vu\/"]}]},{"@type":"ImageObject","inLanguage":"en-US","@id":"https:\/\/3dmoteur.com\/index.php\/reparation-vl-vu\/#primaryimage","url":"https:\/\/3dmoteur.com\/wp-content\/uploads\/2024\/11\/IMG_3281-scaled.jpg","contentUrl":"https:\/\/3dmoteur.com\/wp-content\/uploads\/2024\/11\/IMG_3281-scaled.jpg","width":2560,"height":1920},{"@type":"BreadcrumbList","@id":"https:\/\/3dmoteur.com\/index.php\/reparation-vl-vu\/#breadcrumb","itemListElement":[{"@type":"ListItem","position":1,"name":"Accueil","item":"https:\/\/3dmoteur.com\/"},{"@type":"ListItem","position":2,"name":"R\u00e9paration VL\/VU"}]},{"@type":"WebSite","@id":"https:\/\/3dmoteur.com\/#website","url":"https:\/\/3dmoteur.com\/","name":"WordPress","description":"Un site utilisant WordPress","publisher":{"@id":"https:\/\/3dmoteur.com\/#organization"},"potentialAction":[{"@type":"SearchAction","target":{"@type":"EntryPoint","urlTemplate":"https:\/\/3dmoteur.com\/?s={search_term_string}"},"query-input":{"@type":"PropertyValueSpecification","valueRequired":true,"valueName":"search_term_string"}}],"inLanguage":"en-US"},{"@type":"Organization","@id":"https:\/\/3dmoteur.com\/#organization","name":"WordPress","url":"https:\/\/3dmoteur.com\/","logo":{"@type":"ImageObject","inLanguage":"en-US","@id":"https:\/\/3dmoteur.com\/#\/schema\/logo\/image\/","url":"https:\/\/3dmoteur.com\/wp-content\/uploads\/2024\/08\/cropped-unnamed-1.jpg","contentUrl":"https:\/\/3dmoteur.com\/wp-content\/uploads\/2024\/08\/cropped-unnamed-1.jpg","width":607,"height":572,"caption":"WordPress"},"image":{"@id":"https:\/\/3dmoteur.com\/#\/schema\/logo\/image\/"}}]}},"_links":{"self":[{"href":"https:\/\/3dmoteur.com\/index.php\/wp-json\/wp\/v2\/pages\/451","targetHints":{"allow":["GET"]}}],"collection":[{"href":"https:\/\/3dmoteur.com\/index.php\/wp-json\/wp\/v2\/pages"}],"about":[{"href":"https:\/\/3dmoteur.com\/index.php\/wp-json\/wp\/v2\/types\/page"}],"author":[{"embeddable":true,"href":"https:\/\/3dmoteur.com\/index.php\/wp-json\/wp\/v2\/users\/1"}],"replies":[{"embeddable":true,"href":"https:\/\/3dmoteur.com\/index.php\/wp-json\/wp\/v2\/comments?post=451"}],"version-history":[{"count":31,"href":"https:\/\/3dmoteur.com\/index.php\/wp-json\/wp\/v2\/pages\/451\/revisions"}],"predecessor-version":[{"id":618,"href":"https:\/\/3dmoteur.com\/index.php\/wp-json\/wp\/v2\/pages\/451\/revisions\/618"}],"wp:attachment":[{"href":"https:\/\/3dmoteur.com\/index.php\/wp-json\/wp\/v2\/media?parent=451"}],"curies":[{"name":"wp","href":"https:\/\/api.w.org\/{rel}","templated":true}]}}